{"id":25,"date":"2016-05-25T09:28:58","date_gmt":"2016-05-25T09:28:58","guid":{"rendered":"http:\/\/www.maansiirtosoukkala.fi\/?page_id=25"},"modified":"2016-05-30T13:30:23","modified_gmt":"2016-05-30T13:30:23","slug":"henkilokunta","status":"publish","type":"page","link":"https:\/\/www.maansiirtosoukkala.fi\/?page_id=25","title":{"rendered":"Henkil\u00f6kunta"},"content":{"rendered":"<p style=\"text-align: center;\">Yritys ty\u00f6llist\u00e4\u00e4 4-10 ty\u00f6ntekij\u00e4\u00e4 sek\u00e4 alihankkijoita, joilla on vankka kokemus maansiirtot\u00f6ist\u00e4. Henkil\u00f6kunnalla on ty\u00f6kokemusta maansiirtot\u00f6ist\u00e4 muutamasta vuodesta jopa 40 vuoteen.<\/p>\n<h4 style=\"text-align: center;\">Henkil\u00f6kunnan koulutukset:<\/h4>\n<p style=\"text-align: center;\">Kaikki ty\u00f6ntekij\u00e4t ovat suorittaneet tieturva 1 ja ty\u00f6turva koulutuksen.<br \/>\nKahdella henkil\u00f6ll\u00e4 on vesihygieniakoulutus, yhdell\u00e4 rataturvallisuusp\u00e4tevyys ja kahdella kaivinkoneenkuljettajan ammattitutkinto.<br \/>\nMittamiehell\u00e4 3D win\/maanrakennusmittaus koulutus, cad -ohjelma koulutus sek\u00e4 Tieturva 2.<\/p>\n","protected":false},"excerpt":{"rendered":"<p>Yritys ty\u00f6llist\u00e4\u00e4 4-10 ty\u00f6ntekij\u00e4\u00e4 sek\u00e4 alihankkijoita, joilla on vankka kokemus maansiirtot\u00f6ist\u00e4. Henkil\u00f6kunnalla on ty\u00f6kokemusta maansiirtot\u00f6ist\u00e4 muutamasta vuodesta jopa 40 vuoteen. Henkil\u00f6kunnan koulutukset: Kaikki ty\u00f6ntekij\u00e4t ovat suorittaneet tieturva 1 ja ty\u00f6turva koulutuksen. Kahdella henkil\u00f6ll\u00e4 on vesihygieniakoulutus, yhdell\u00e4 rataturvallisuusp\u00e4tevyys ja kahdella kaivinkoneenkuljettajan ammattitutkinto. Mittamiehell\u00e4 3D win\/maanrakennusmittaus koulutus, cad -ohjelma koulutus sek\u00e4 Tieturva 2.<\/p>\n","protected":false},"author":1,"featured_media":24,"parent":0,"menu_order":0,"comment_status":"closed","ping_status":"closed","template":"","meta":{"footnotes":""},"class_list":["post-25","page","type-page","status-publish","has-post-thumbnail"],"aioseo_notices":[],"_links":{"self":[{"href":"https:\/\/www.maansiirtosoukkala.fi\/index.php?rest_route=\/wp\/v2\/pages\/25"}],"collection":[{"href":"https:\/\/www.maansiirtosoukkala.fi\/index.php?rest_route=\/wp\/v2\/pages"}],"about":[{"href":"https:\/\/www.maansiirtosoukkala.fi\/index.php?rest_route=\/wp\/v2\/types\/page"}],"author":[{"embeddable":true,"href":"https:\/\/www.maansiirtosoukkala.fi\/index.php?rest_route=\/wp\/v2\/users\/1"}],"replies":[{"embeddable":true,"href":"https:\/\/www.maansiirtosoukkala.fi\/index.php?rest_route=%2Fwp%2Fv2%2Fcomments&post=25"}],"version-history":[{"count":3,"href":"https:\/\/www.maansiirtosoukkala.fi\/index.php?rest_route=\/wp\/v2\/pages\/25\/revisions"}],"predecessor-version":[{"id":52,"href":"https:\/\/www.maansiirtosoukkala.fi\/index.php?rest_route=\/wp\/v2\/pages\/25\/revisions\/52"}],"wp:featuredmedia":[{"embeddable":true,"href":"https:\/\/www.maansiirtosoukkala.fi\/index.php?rest_route=\/wp\/v2\/media\/24"}],"wp:attachment":[{"href":"https:\/\/www.maansiirtosoukkala.fi\/index.php?rest_route=%2Fwp%2Fv2%2Fmedia&parent=25"}],"curies":[{"name":"wp","href":"https:\/\/api.w.org\/{rel}","templated":true}]}}