{"id":37,"date":"2016-05-25T09:45:25","date_gmt":"2016-05-25T09:45:25","guid":{"rendered":"http:\/\/www.maansiirtosoukkala.fi\/?page_id=37"},"modified":"2020-06-16T10:53:07","modified_gmt":"2020-06-16T10:53:07","slug":"koneet","status":"publish","type":"page","link":"https:\/\/www.maansiirtosoukkala.fi\/?page_id=37","title":{"rendered":"Koneet"},"content":{"rendered":"<header class=\"entry-header\">\n<p class=\"entry-title\"><strong>Kaivinkoneet<\/strong><\/p>\n<\/header>\n<div class=\"entry-content\">\n<p>Kobelco SK 210 LC vm. 2015 paino 25,5 t.<br \/>\n<span style=\"color: #999999;\"><em>Pitk\u00e4puomikone 16,0 m hydr, kallistuva kauha, Leica 3D syvyysmittari, purkukoura<\/em><\/span><\/p>\n<p>Hitachi 210 LC Zaxis vm. 2011 paino 22,2 t.<br \/>\n<span style=\"color: #999999;\"><em>Encon kauhanpy\u00f6ritt\u00e4j\u00e4, Leica 3D syvyysmittari, purkukoura<\/em><\/span><\/p>\n<p>Hitachi 160 Zaxis vm. 2013 paino 18,8t.<br \/>\n<span style=\"color: #999999;\"><em>Encon kauhan py\u00f6ritt\u00e4j\u00e4, puskulevy, Leica 3D syvyysmittari<\/em><\/span><\/p>\n<p>Hitachi ZX50U vm. 2008 paino 5 t.<\/p>\n<p>Runsas valikoima eri t\u00f6ihin soveltuvia kauhoja ja muita lis\u00e4laitteita<br \/>\n<span style=\"color: #999999;\"><em>mm. energiakoura, purkukoura, sammalhara<br \/>\n<\/em><\/span><\/p>\n<p>&nbsp;<\/p>\n<p><strong>Kuorma-autot<\/strong><\/p>\n<p>Sisu R500 8\u00d72 vm. 2006<br \/>\n<span style=\"color: #999999;\"><em>Automaattikasetti<\/em><\/span><\/p>\n<p>Volvo FH12 vm. 1995 (aura-auto)<br \/>\n<span style=\"color: #999999;\"><em>Alueaura + aluster\u00e4<\/em><\/span><\/p>\n<p>&nbsp;<\/p>\n<p><strong>Teladumpperi<\/strong><\/p>\n<p>Caterpillar LD 1000c rautatelat 800mm<br \/>\n<span style=\"color: #999999;\"><em>10 m<\/em>\u00b3\u00a0<em>lava<\/em><\/span><\/p>\n<p>&nbsp;<\/p>\n<p><strong>Py\u00f6r\u00e4kuormaajat<\/strong><\/p>\n<p>Volvo L 120 C 4\u00d74 vm. 1996<br \/>\n<span style=\"color: #999999;\"><em>Vaaka<\/em><\/span><\/p>\n<p>Volvo BLM 90 4\u00d74 vm. 1989<br \/>\n<span style=\"color: #999999;\"><em>Vaaka<\/em><\/span><\/p>\n<p>Rinnekone Illern<br \/>\n<span style=\"color: #999999;\"><em>Jyr\u00e4 \/ tasauslevy<\/em><\/span><\/p>\n<p>&nbsp;<\/p>\n<p><strong>Per\u00e4vaunut<\/strong><\/p>\n<p>4 akselinen erikoiskuljetuslavetti<\/p>\n<p>RKP 3 akselinen automaattikasettivaunu<\/p>\n<p>3 kpl kevytper\u00e4vaunuja<\/p>\n<p>&nbsp;<\/p>\n<p><strong>Muut<\/strong><\/p>\n<p>3D GPS kartoitin \/ mittalaite<\/p>\n<p>3D-tukiasema<\/p>\n<p>Toyota Hiace vm 2009 4\u00d74<\/p>\n<p>Toyota Hilux vm 2010 4\u00d74<\/p>\n<p>2 kpl tiivistysl\u00e4tki\u00e4<\/p>\n<p>2 kpl m\u00e4kireini pumppuja<\/p>\n<p>Kaivualustoja\/ponttoneita (useita)<\/p>\n<\/div>\n","protected":false},"excerpt":{"rendered":"<p>Kaivinkoneet Kobelco SK 210 LC vm. 2015 paino 25,5 t. Pitk\u00e4puomikone 16,0 m hydr, kallistuva kauha, Leica 3D syvyysmittari, purkukoura Hitachi 210 LC Zaxis vm. 2011 paino 22,2 t. Encon kauhanpy\u00f6ritt\u00e4j\u00e4, Leica 3D syvyysmittari, purkukoura Hitachi 160 Zaxis vm. 2013 paino 18,8t. Encon kauhan py\u00f6ritt\u00e4j\u00e4, puskulevy, Leica 3D syvyysmittari Hitachi ZX50U vm. 2008 paino 5 &#8230; <a title=\"Koneet\" class=\"read-more\" href=\"https:\/\/www.maansiirtosoukkala.fi\/?page_id=37\" aria-label=\"Read more about Koneet\">Read more<\/a><\/p>\n","protected":false},"author":1,"featured_media":38,"parent":0,"menu_order":0,"comment_status":"closed","ping_status":"closed","template":"","meta":{"footnotes":""},"class_list":["post-37","page","type-page","status-publish","has-post-thumbnail"],"aioseo_notices":[],"_links":{"self":[{"href":"https:\/\/www.maansiirtosoukkala.fi\/index.php?rest_route=\/wp\/v2\/pages\/37"}],"collection":[{"href":"https:\/\/www.maansiirtosoukkala.fi\/index.php?rest_route=\/wp\/v2\/pages"}],"about":[{"href":"https:\/\/www.maansiirtosoukkala.fi\/index.php?rest_route=\/wp\/v2\/types\/page"}],"author":[{"embeddable":true,"href":"https:\/\/www.maansiirtosoukkala.fi\/index.php?rest_route=\/wp\/v2\/users\/1"}],"replies":[{"embeddable":true,"href":"https:\/\/www.maansiirtosoukkala.fi\/index.php?rest_route=%2Fwp%2Fv2%2Fcomments&post=37"}],"version-history":[{"count":8,"href":"https:\/\/www.maansiirtosoukkala.fi\/index.php?rest_route=\/wp\/v2\/pages\/37\/revisions"}],"predecessor-version":[{"id":131,"href":"https:\/\/www.maansiirtosoukkala.fi\/index.php?rest_route=\/wp\/v2\/pages\/37\/revisions\/131"}],"wp:featuredmedia":[{"embeddable":true,"href":"https:\/\/www.maansiirtosoukkala.fi\/index.php?rest_route=\/wp\/v2\/media\/38"}],"wp:attachment":[{"href":"https:\/\/www.maansiirtosoukkala.fi\/index.php?rest_route=%2Fwp%2Fv2%2Fmedia&parent=37"}],"curies":[{"name":"wp","href":"https:\/\/api.w.org\/{rel}","templated":true}]}}