{"id":40,"date":"2016-05-25T09:49:42","date_gmt":"2016-05-25T09:49:42","guid":{"rendered":"http:\/\/www.maansiirtosoukkala.fi\/?page_id=40"},"modified":"2020-06-16T10:51:21","modified_gmt":"2020-06-16T10:51:21","slug":"yhteystiedot","status":"publish","type":"page","link":"https:\/\/www.maansiirtosoukkala.fi\/?page_id=40","title":{"rendered":"Yhteystiedot"},"content":{"rendered":"<div id=\"pl-40\"  class=\"panel-layout\" ><div id=\"pg-40-0\"  class=\"panel-grid panel-no-style\" ><div id=\"pgc-40-0-0\"  class=\"panel-grid-cell\" ><div id=\"panel-40-0-0-0\" class=\"so-panel widget widget_text panel-first-child panel-last-child\" data-index=\"0\" >\t\t\t<div class=\"textwidget\"><p>Isosoukkaj\u00e4rventie 4, 63355 Sein\u00e4j\u00e4rvi<br \/>\npuh. 0400 970 780, 050 913 3651<br \/>\nmaansiirto.soukkala@kuusnetikka.fi<br \/>\nY tunnus: 0580965-0<\/p>\n<\/div>\n\t\t<\/div><\/div><div id=\"pgc-40-0-1\"  class=\"panel-grid-cell\" ><div id=\"panel-40-0-1-0\" class=\"so-panel widget widget_text panel-first-child panel-last-child\" data-index=\"1\" >\t\t\t<div class=\"textwidget\"><iframe src=\"https:\/\/www.google.com\/maps\/embed?pb=!1m18!1m12!1m3!1d1845.3955093225354!2d23.433876351289918!3d62.44976086395898!2m3!1f0!2f0!3f0!3m2!1i1024!2i768!4f13.1!3m3!1m2!1s0x468621ecf64a1775%3A0xdb73196715f37186!2sMaansiirto+Soukkala+Oy!5e0!3m2!1sfi!2sfi!4v1464169740626\" frameborder=\"0\" style=\"border:0\" allowfullscreen><\/iframe><\/div>\n\t\t<\/div><\/div><\/div><\/div>","protected":false},"excerpt":{"rendered":"<p>Isosoukkaj\u00e4rventie 4, 63355 Sein\u00e4j\u00e4rvi puh. 0400 970 780, 050 913 3651 maansiirto.soukkala@kuusnetikka.fi Y tunnus: 0580965-0<\/p>\n","protected":false},"author":1,"featured_media":60,"parent":0,"menu_order":0,"comment_status":"closed","ping_status":"closed","template":"","meta":{"footnotes":""},"class_list":["post-40","page","type-page","status-publish","has-post-thumbnail"],"aioseo_notices":[],"_links":{"self":[{"href":"https:\/\/www.maansiirtosoukkala.fi\/index.php?rest_route=\/wp\/v2\/pages\/40"}],"collection":[{"href":"https:\/\/www.maansiirtosoukkala.fi\/index.php?rest_route=\/wp\/v2\/pages"}],"about":[{"href":"https:\/\/www.maansiirtosoukkala.fi\/index.php?rest_route=\/wp\/v2\/types\/page"}],"author":[{"embeddable":true,"href":"https:\/\/www.maansiirtosoukkala.fi\/index.php?rest_route=\/wp\/v2\/users\/1"}],"replies":[{"embeddable":true,"href":"https:\/\/www.maansiirtosoukkala.fi\/index.php?rest_route=%2Fwp%2Fv2%2Fcomments&post=40"}],"version-history":[{"count":5,"href":"https:\/\/www.maansiirtosoukkala.fi\/index.php?rest_route=\/wp\/v2\/pages\/40\/revisions"}],"predecessor-version":[{"id":130,"href":"https:\/\/www.maansiirtosoukkala.fi\/index.php?rest_route=\/wp\/v2\/pages\/40\/revisions\/130"}],"wp:featuredmedia":[{"embeddable":true,"href":"https:\/\/www.maansiirtosoukkala.fi\/index.php?rest_route=\/wp\/v2\/media\/60"}],"wp:attachment":[{"href":"https:\/\/www.maansiirtosoukkala.fi\/index.php?rest_route=%2Fwp%2Fv2%2Fmedia&parent=40"}],"curies":[{"name":"wp","href":"https:\/\/api.w.org\/{rel}","templated":true}]}}